{"id":1028,"date":"2026-03-02T02:17:52","date_gmt":"2026-03-02T02:17:52","guid":{"rendered":"https:\/\/www.cautivatech.com\/wcm2\/index.php\/automatizacion-y-observabilidad-para-areas-de-desarrollo-y-operaciones-ti\/"},"modified":"2026-03-02T02:42:00","modified_gmt":"2026-03-02T02:42:00","slug":"automatizacion-y-observabilidad-para-areas-de-desarrollo-y-operaciones-ti","status":"publish","type":"page","link":"https:\/\/www.cautivatech.com\/wcm2\/index.php\/automatizacion-y-observabilidad-para-areas-de-desarrollo-y-operaciones-ti\/","title":{"rendered":"Caso de \u00c9xito: Automatizaci\u00f3n y observabilidad para \u00c1reas de Desarrollo y Operaciones TI"},"content":{"rendered":"\n\n\n\n\n\n","protected":false},"excerpt":{"rendered":"","protected":false},"author":1,"featured_media":0,"parent":0,"menu_order":0,"comment_status":"closed","ping_status":"closed","template":"full-width","meta":{"saved_in_kubio":true,"footnotes":""},"class_list":["post-1028","page","type-page","status-publish","hentry"],"kubio_ai_page_context":{"short_desc":"","purpose":"general"},"_links":{"self":[{"href":"https:\/\/www.cautivatech.com\/wcm2\/index.php\/wp-json\/wp\/v2\/pages\/1028","targetHints":{"allow":["GET"]}}],"collection":[{"href":"https:\/\/www.cautivatech.com\/wcm2\/index.php\/wp-json\/wp\/v2\/pages"}],"about":[{"href":"https:\/\/www.cautivatech.com\/wcm2\/index.php\/wp-json\/wp\/v2\/types\/page"}],"author":[{"embeddable":true,"href":"https:\/\/www.cautivatech.com\/wcm2\/index.php\/wp-json\/wp\/v2\/users\/1"}],"replies":[{"embeddable":true,"href":"https:\/\/www.cautivatech.com\/wcm2\/index.php\/wp-json\/wp\/v2\/comments?post=1028"}],"version-history":[{"count":5,"href":"https:\/\/www.cautivatech.com\/wcm2\/index.php\/wp-json\/wp\/v2\/pages\/1028\/revisions"}],"predecessor-version":[{"id":1043,"href":"https:\/\/www.cautivatech.com\/wcm2\/index.php\/wp-json\/wp\/v2\/pages\/1028\/revisions\/1043"}],"wp:attachment":[{"href":"https:\/\/www.cautivatech.com\/wcm2\/index.php\/wp-json\/wp\/v2\/media?parent=1028"}],"curies":[{"name":"wp","href":"https:\/\/api.w.org\/{rel}","templated":true}]}}