{"id":1037,"date":"2026-03-02T02:29:41","date_gmt":"2026-03-02T02:29:41","guid":{"rendered":"https:\/\/www.cautivatech.com\/wcm2\/index.php\/plataforma-ai-ml\/"},"modified":"2026-03-02T02:42:46","modified_gmt":"2026-03-02T02:42:46","slug":"plataforma-ai-ml","status":"publish","type":"page","link":"https:\/\/www.cautivatech.com\/wcm2\/index.php\/plataforma-ai-ml\/","title":{"rendered":"Caso de \u00c9xito: Plataforma AI Empresarial m\u00e1s Piloto de Detecci\u00f3n de Fraudes"},"content":{"rendered":"\n\n\n\n\n\n","protected":false},"excerpt":{"rendered":"","protected":false},"author":1,"featured_media":0,"parent":0,"menu_order":0,"comment_status":"closed","ping_status":"closed","template":"full-width","meta":{"saved_in_kubio":true,"footnotes":""},"class_list":["post-1037","page","type-page","status-publish","hentry"],"kubio_ai_page_context":{"short_desc":"","purpose":"general"},"_links":{"self":[{"href":"https:\/\/www.cautivatech.com\/wcm2\/index.php\/wp-json\/wp\/v2\/pages\/1037","targetHints":{"allow":["GET"]}}],"collection":[{"href":"https:\/\/www.cautivatech.com\/wcm2\/index.php\/wp-json\/wp\/v2\/pages"}],"about":[{"href":"https:\/\/www.cautivatech.com\/wcm2\/index.php\/wp-json\/wp\/v2\/types\/page"}],"author":[{"embeddable":true,"href":"https:\/\/www.cautivatech.com\/wcm2\/index.php\/wp-json\/wp\/v2\/users\/1"}],"replies":[{"embeddable":true,"href":"https:\/\/www.cautivatech.com\/wcm2\/index.php\/wp-json\/wp\/v2\/comments?post=1037"}],"version-history":[{"count":3,"href":"https:\/\/www.cautivatech.com\/wcm2\/index.php\/wp-json\/wp\/v2\/pages\/1037\/revisions"}],"predecessor-version":[{"id":1044,"href":"https:\/\/www.cautivatech.com\/wcm2\/index.php\/wp-json\/wp\/v2\/pages\/1037\/revisions\/1044"}],"wp:attachment":[{"href":"https:\/\/www.cautivatech.com\/wcm2\/index.php\/wp-json\/wp\/v2\/media?parent=1037"}],"curies":[{"name":"wp","href":"https:\/\/api.w.org\/{rel}","templated":true}]}}