{"id":1254,"date":"2026-03-12T03:06:24","date_gmt":"2026-03-12T03:06:24","guid":{"rendered":"https:\/\/www.cautivatech.com\/wcm2\/index.php\/infografia-deteccion-y-remediacion-de-anomalias-con-ai-ml\/"},"modified":"2026-03-12T03:16:22","modified_gmt":"2026-03-12T03:16:22","slug":"infografia-deteccion-y-remediacion-de-anomalias-con-ai-ml","status":"publish","type":"page","link":"https:\/\/www.cautivatech.com\/wcm2\/index.php\/infografia-deteccion-y-remediacion-de-anomalias-con-ai-ml\/","title":{"rendered":"Infograf\u00eda: Detecci\u00f3n de Anomal\u00edas con AI\/ML, con Diagn\u00f3stico y Remediaci\u00f3n"},"content":{"rendered":"","protected":false},"excerpt":{"rendered":"","protected":false},"author":1,"featured_media":0,"parent":0,"menu_order":0,"comment_status":"closed","ping_status":"closed","template":"full-width","meta":{"saved_in_kubio":true,"footnotes":""},"class_list":["post-1254","page","type-page","status-publish","hentry"],"kubio_ai_page_context":{"short_desc":"","purpose":"general"},"_links":{"self":[{"href":"https:\/\/www.cautivatech.com\/wcm2\/index.php\/wp-json\/wp\/v2\/pages\/1254","targetHints":{"allow":["GET"]}}],"collection":[{"href":"https:\/\/www.cautivatech.com\/wcm2\/index.php\/wp-json\/wp\/v2\/pages"}],"about":[{"href":"https:\/\/www.cautivatech.com\/wcm2\/index.php\/wp-json\/wp\/v2\/types\/page"}],"author":[{"embeddable":true,"href":"https:\/\/www.cautivatech.com\/wcm2\/index.php\/wp-json\/wp\/v2\/users\/1"}],"replies":[{"embeddable":true,"href":"https:\/\/www.cautivatech.com\/wcm2\/index.php\/wp-json\/wp\/v2\/comments?post=1254"}],"version-history":[{"count":6,"href":"https:\/\/www.cautivatech.com\/wcm2\/index.php\/wp-json\/wp\/v2\/pages\/1254\/revisions"}],"predecessor-version":[{"id":1262,"href":"https:\/\/www.cautivatech.com\/wcm2\/index.php\/wp-json\/wp\/v2\/pages\/1254\/revisions\/1262"}],"wp:attachment":[{"href":"https:\/\/www.cautivatech.com\/wcm2\/index.php\/wp-json\/wp\/v2\/media?parent=1254"}],"curies":[{"name":"wp","href":"https:\/\/api.w.org\/{rel}","templated":true}]}}